{"id":1062,"date":"2016-12-01T10:09:02","date_gmt":"2016-12-01T10:09:02","guid":{"rendered":"https:\/\/transconnectch.wpengine.com\/partners\/"},"modified":"2024-02-29T18:59:43","modified_gmt":"2024-02-29T18:59:43","slug":"partenaires","status":"publish","type":"page","link":"https:\/\/transconnector.com\/fr\/partenaires\/","title":{"rendered":"Partenaires"},"content":{"rendered":"<div class=\"wpb-content-wrapper\"><p>[vc_row][vc_column width=&#8221;1\/4&#8243;]<div class=\"grve-element grve-image grve-align-center\" style=\"\">  <div class=\"grve-image-wrapper\"><img loading=\"lazy\" decoding=\"async\" width=\"120\" height=\"60\" src=\"https:\/\/transconnector.com\/wp-content\/uploads\/2016\/12\/novalo_logo.png\" class=\"attachment-full size-full\" alt=\"Localization, translation, language consultancy\" \/>   <\/div><\/div>[\/vc_column][vc_column width=&#8221;1\/2&#8243;][vc_column_text]Localisation,\u00a0<strong>traduction<\/strong>, conseil linguistique, services et solutions pour le\u00a0<strong>marketing digital multilingue<\/strong>.[\/vc_column_text][\/vc_column][vc_column width=&#8221;1\/4&#8243;]<div class=\"grve-element grve-align-left\"><a href=\"https:\/\/transconnector.com\/fr\/partenaires\/traductions-localisation-professionnelles\/\" title=\"Novalo Traductions Professionnelles et localisation\" class=\"grve-btn grve-btn-medium grve-square grve-bg-primary-3 grve-bg-hover-primary-4 grve-btn-line\"><span>Plus d'infos<\/span><\/a><\/div>[\/vc_column][\/vc_row][vc_row][vc_column width=&#8221;1\/4&#8243;]<div class=\"grve-element grve-image grve-align-center\" style=\"\">  <div class=\"grve-image-wrapper\"><img loading=\"lazy\" decoding=\"async\" width=\"80\" height=\"151\" src=\"https:\/\/transconnector.com\/wp-content\/uploads\/2024\/02\/logo_idt.png\" class=\"attachment-full size-full\" alt=\"Ideal Dynamic Technologies S.L.\" \/>   <\/div><\/div>[\/vc_column][vc_column width=&#8221;1\/2&#8243;][vc_column_text]Nous construisons des sites Web dynamiques et optimis\u00e9s ! Designs <strong>Responsifs<\/strong>, <strong>Multilingue<\/strong> + SEO, <strong>Int\u00e9gration de donn\u00e9es<\/strong>, <strong>Accessibilit\u00e9<\/strong> pour les personnes handicap\u00e9es.[\/vc_column_text][\/vc_column][vc_column width=&#8221;1\/4&#8243;]<div class=\"grve-element grve-align-left\"><a href=\"https:\/\/transconnector.com\/fr\/partenaires\/accessibilite-multilingue-reactifs\/\" title=\"Ideal Dynamic Technologies S.L.\" class=\"grve-btn grve-btn-medium grve-square grve-bg-primary-3 grve-bg-hover-primary-4 grve-btn-line\"><span>Plus d'infos<\/span><\/a><\/div>[\/vc_column][\/vc_row]<\/p>\n<\/div>","protected":false},"excerpt":{"rendered":"<p>S\u00e9lectionn\u00e9s selon des crit\u00e8res tr\u00e8s strictes pour les traductions professionnelles, l&#8217;optimisation SEO, le design Web et l&#8217;h\u00e9bergement<\/p>\n","protected":false},"author":3,"featured_media":0,"parent":0,"menu_order":0,"comment_status":"closed","ping_status":"closed","template":"","meta":{"_acf_changed":false,"footnotes":""},"class_list":["post-1062","page","type-page","status-publish","hentry"],"acf":[],"yoast_head":"<!-- This site is optimized with the Yoast SEO plugin v27.5 - https:\/\/yoast.com\/product\/yoast-seo-wordpress\/ -->\n<title>Traducteurs - Agence digitale - H\u00e9bergement partenaires - TransConnector<\/title>\n<meta name=\"description\" content=\"S\u00e9lectionn\u00e9s selon des crit\u00e8res tr\u00e8s strictes pour les traductions professionnelles, l&#039;optimisation SEO, le design Web et l&#039;h\u00e9bergement\" \/>\n<meta name=\"robots\" content=\"index, follow, max-snippet:-1, max-image-preview:large, max-video-preview:-1\" \/>\n<link rel=\"canonical\" href=\"https:\/\/transconnector.com\/fr\/partenaires\/\" \/>\n<meta property=\"og:locale\" content=\"fr_FR\" \/>\n<meta property=\"og:type\" content=\"article\" \/>\n<meta property=\"og:title\" content=\"Traducteurs - Agence digitale - H\u00e9bergement partenaires - TransConnector\" \/>\n<meta property=\"og:description\" content=\"S\u00e9lectionn\u00e9s selon des crit\u00e8res tr\u00e8s strictes pour les traductions professionnelles, l&#039;optimisation SEO, le design Web et l&#039;h\u00e9bergement\" \/>\n<meta property=\"og:url\" content=\"https:\/\/transconnector.com\/fr\/partenaires\/\" \/>\n<meta property=\"og:site_name\" content=\"Agence de conseil num\u00e9rique TransConnector\" \/>\n<meta property=\"article:modified_time\" content=\"2024-02-29T18:59:43+00:00\" \/>\n<meta name=\"twitter:label1\" content=\"Est. reading time\" \/>\n\t<meta name=\"twitter:data1\" content=\"1 minute\" \/>\n<script type=\"application\/ld+json\" class=\"yoast-schema-graph\">{\"@context\":\"https:\\\/\\\/schema.org\",\"@graph\":[{\"@type\":\"WebPage\",\"@id\":\"https:\\\/\\\/transconnector.com\\\/fr\\\/partenaires\\\/\",\"url\":\"https:\\\/\\\/transconnector.com\\\/fr\\\/partenaires\\\/\",\"name\":\"Traducteurs - Agence digitale - H\u00e9bergement partenaires - TransConnector\",\"isPartOf\":{\"@id\":\"https:\\\/\\\/transconnector.com\\\/#website\"},\"datePublished\":\"2016-12-01T10:09:02+00:00\",\"dateModified\":\"2024-02-29T18:59:43+00:00\",\"description\":\"S\u00e9lectionn\u00e9s selon des crit\u00e8res tr\u00e8s strictes pour les traductions professionnelles, l'optimisation SEO, le design Web et l'h\u00e9bergement\",\"breadcrumb\":{\"@id\":\"https:\\\/\\\/transconnector.com\\\/fr\\\/partenaires\\\/#breadcrumb\"},\"inLanguage\":\"fr-FR\",\"potentialAction\":[{\"@type\":\"ReadAction\",\"target\":[\"https:\\\/\\\/transconnector.com\\\/fr\\\/partenaires\\\/\"]}]},{\"@type\":\"BreadcrumbList\",\"@id\":\"https:\\\/\\\/transconnector.com\\\/fr\\\/partenaires\\\/#breadcrumb\",\"itemListElement\":[{\"@type\":\"ListItem\",\"position\":1,\"name\":\"Home\",\"item\":\"https:\\\/\\\/transconnector.com\\\/fr\\\/\"},{\"@type\":\"ListItem\",\"position\":2,\"name\":\"Partenaires\"}]},{\"@type\":\"WebSite\",\"@id\":\"https:\\\/\\\/transconnector.com\\\/#website\",\"url\":\"https:\\\/\\\/transconnector.com\\\/\",\"name\":\"Agence de conseil num\u00e9rique TransConnector\",\"description\":\"Notre sp\u00e9cialit\u00e9, la traduction professionnelle de pages WordPress et de documents\",\"publisher\":{\"@id\":\"https:\\\/\\\/transconnector.com\\\/#organization\"},\"potentialAction\":[{\"@type\":\"SearchAction\",\"target\":{\"@type\":\"EntryPoint\",\"urlTemplate\":\"https:\\\/\\\/transconnector.com\\\/?s={search_term_string}\"},\"query-input\":{\"@type\":\"PropertyValueSpecification\",\"valueRequired\":true,\"valueName\":\"search_term_string\"}}],\"inLanguage\":\"fr-FR\"},{\"@type\":\"Organization\",\"@id\":\"https:\\\/\\\/transconnector.com\\\/#organization\",\"name\":\"TransConnector SA\",\"url\":\"https:\\\/\\\/transconnector.com\\\/\",\"logo\":{\"@type\":\"ImageObject\",\"inLanguage\":\"fr-FR\",\"@id\":\"https:\\\/\\\/transconnector.com\\\/#\\\/schema\\\/logo\\\/image\\\/\",\"url\":\"https:\\\/\\\/transconnector.com\\\/wp-content\\\/uploads\\\/2017\\\/05\\\/logo_black.png\",\"contentUrl\":\"https:\\\/\\\/transconnector.com\\\/wp-content\\\/uploads\\\/2017\\\/05\\\/logo_black.png\",\"width\":283,\"height\":45,\"caption\":\"TransConnector SA\"},\"image\":{\"@id\":\"https:\\\/\\\/transconnector.com\\\/#\\\/schema\\\/logo\\\/image\\\/\"},\"sameAs\":[\"https:\\\/\\\/www.youtube.com\\\/channel\\\/UC5OsoM7TnAy2o9DB4AKJ_dw\\\/featured\",\"https:\\\/\\\/www.linkedin.com\\\/company\\\/transconnector-sa\\\/\"]}]}<\/script>\n<!-- \/ Yoast SEO plugin. -->","yoast_head_json":{"title":"Traducteurs - Agence digitale - H\u00e9bergement partenaires - TransConnector","description":"S\u00e9lectionn\u00e9s selon des crit\u00e8res tr\u00e8s strictes pour les traductions professionnelles, l'optimisation SEO, le design Web et l'h\u00e9bergement","robots":{"index":"index","follow":"follow","max-snippet":"max-snippet:-1","max-image-preview":"max-image-preview:large","max-video-preview":"max-video-preview:-1"},"canonical":"https:\/\/transconnector.com\/fr\/partenaires\/","og_locale":"fr_FR","og_type":"article","og_title":"Traducteurs - Agence digitale - H\u00e9bergement partenaires - TransConnector","og_description":"S\u00e9lectionn\u00e9s selon des crit\u00e8res tr\u00e8s strictes pour les traductions professionnelles, l'optimisation SEO, le design Web et l'h\u00e9bergement","og_url":"https:\/\/transconnector.com\/fr\/partenaires\/","og_site_name":"Agence de conseil num\u00e9rique TransConnector","article_modified_time":"2024-02-29T18:59:43+00:00","twitter_misc":{"Est. reading time":"1 minute"},"schema":{"@context":"https:\/\/schema.org","@graph":[{"@type":"WebPage","@id":"https:\/\/transconnector.com\/fr\/partenaires\/","url":"https:\/\/transconnector.com\/fr\/partenaires\/","name":"Traducteurs - Agence digitale - H\u00e9bergement partenaires - TransConnector","isPartOf":{"@id":"https:\/\/transconnector.com\/#website"},"datePublished":"2016-12-01T10:09:02+00:00","dateModified":"2024-02-29T18:59:43+00:00","description":"S\u00e9lectionn\u00e9s selon des crit\u00e8res tr\u00e8s strictes pour les traductions professionnelles, l'optimisation SEO, le design Web et l'h\u00e9bergement","breadcrumb":{"@id":"https:\/\/transconnector.com\/fr\/partenaires\/#breadcrumb"},"inLanguage":"fr-FR","potentialAction":[{"@type":"ReadAction","target":["https:\/\/transconnector.com\/fr\/partenaires\/"]}]},{"@type":"BreadcrumbList","@id":"https:\/\/transconnector.com\/fr\/partenaires\/#breadcrumb","itemListElement":[{"@type":"ListItem","position":1,"name":"Home","item":"https:\/\/transconnector.com\/fr\/"},{"@type":"ListItem","position":2,"name":"Partenaires"}]},{"@type":"WebSite","@id":"https:\/\/transconnector.com\/#website","url":"https:\/\/transconnector.com\/","name":"Agence de conseil num\u00e9rique TransConnector","description":"Notre sp\u00e9cialit\u00e9, la traduction professionnelle de pages WordPress et de documents","publisher":{"@id":"https:\/\/transconnector.com\/#organization"},"potentialAction":[{"@type":"SearchAction","target":{"@type":"EntryPoint","urlTemplate":"https:\/\/transconnector.com\/?s={search_term_string}"},"query-input":{"@type":"PropertyValueSpecification","valueRequired":true,"valueName":"search_term_string"}}],"inLanguage":"fr-FR"},{"@type":"Organization","@id":"https:\/\/transconnector.com\/#organization","name":"TransConnector SA","url":"https:\/\/transconnector.com\/","logo":{"@type":"ImageObject","inLanguage":"fr-FR","@id":"https:\/\/transconnector.com\/#\/schema\/logo\/image\/","url":"https:\/\/transconnector.com\/wp-content\/uploads\/2017\/05\/logo_black.png","contentUrl":"https:\/\/transconnector.com\/wp-content\/uploads\/2017\/05\/logo_black.png","width":283,"height":45,"caption":"TransConnector SA"},"image":{"@id":"https:\/\/transconnector.com\/#\/schema\/logo\/image\/"},"sameAs":["https:\/\/www.youtube.com\/channel\/UC5OsoM7TnAy2o9DB4AKJ_dw\/featured","https:\/\/www.linkedin.com\/company\/transconnector-sa\/"]}]}},"_links":{"self":[{"href":"https:\/\/transconnector.com\/fr\/wp-json\/wp\/v2\/pages\/1062","targetHints":{"allow":["GET"]}}],"collection":[{"href":"https:\/\/transconnector.com\/fr\/wp-json\/wp\/v2\/pages"}],"about":[{"href":"https:\/\/transconnector.com\/fr\/wp-json\/wp\/v2\/types\/page"}],"author":[{"embeddable":true,"href":"https:\/\/transconnector.com\/fr\/wp-json\/wp\/v2\/users\/3"}],"replies":[{"embeddable":true,"href":"https:\/\/transconnector.com\/fr\/wp-json\/wp\/v2\/comments?post=1062"}],"version-history":[{"count":0,"href":"https:\/\/transconnector.com\/fr\/wp-json\/wp\/v2\/pages\/1062\/revisions"}],"wp:attachment":[{"href":"https:\/\/transconnector.com\/fr\/wp-json\/wp\/v2\/media?parent=1062"}],"curies":[{"name":"wp","href":"https:\/\/api.w.org\/{rel}","templated":true}]}}