{"id":5535,"date":"2025-01-30T12:31:27","date_gmt":"2025-01-30T12:31:27","guid":{"rendered":"https:\/\/transconnector.com\/wordpress-translation-plugin-_copy\/"},"modified":"2025-01-30T12:31:57","modified_gmt":"2025-01-30T12:31:57","slug":"wordpress-translation-plugin-_copy","status":"publish","type":"page","link":"https:\/\/transconnector.com\/fr\/wordpress-translation-plugin-_copy\/","title":{"rendered":"WordPress translation plugin &#8212; _Copy"},"content":{"rendered":"<div class=\"wpb-content-wrapper\"><p>[vc_row bg_type=&#8221;color&#8221; padding_top_multiplier=&#8221;&#8221; padding_bottom_multiplier=&#8221;&#8221; bg_color=&#8221;#323639&#8243;][vc_column css=&#8221;.vc_custom_1709311596108{border-top-width: 1px !important;border-right-width: 1px !important;border-bottom-width: 1px !important;border-left-width: 1px !important;border-left-color: #02fee9 !important;border-left-style: solid !important;border-right-color: #02fee9 !important;border-right-style: solid !important;border-top-color: #02fee9 !important;border-top-style: solid !important;border-bottom-color: #02fee9 !important;border-bottom-style: solid !important;border-radius: 10px !important;}&#8221;]\n<div class=\"wpcf7 no-js\" id=\"wpcf7-f2681-o1\" lang=\"en-US\" dir=\"ltr\" data-wpcf7-id=\"2681\">\n<div class=\"screen-reader-response\"><p role=\"status\" aria-live=\"polite\" aria-atomic=\"true\"><\/p> <ul><\/ul><\/div>\n<form action=\"\/fr\/wp-json\/wp\/v2\/pages\/5535#wpcf7-f2681-o1\" method=\"post\" class=\"wpcf7-form init\" aria-label=\"Contact form\" novalidate=\"novalidate\" data-status=\"init\">\n<fieldset class=\"hidden-fields-container\"><input type=\"hidden\" name=\"_wpcf7\" value=\"2681\" \/><input type=\"hidden\" name=\"_wpcf7_version\" value=\"6.1.5\" \/><input type=\"hidden\" name=\"_wpcf7_locale\" value=\"\" \/><input type=\"hidden\" name=\"_wpcf7_unit_tag\" value=\"wpcf7-f2681-o1\" \/><input type=\"hidden\" name=\"_wpcf7_container_post\" value=\"0\" \/><input type=\"hidden\" name=\"_wpcf7_posted_data_hash\" value=\"\" \/><input type=\"hidden\" name=\"_wpcf7_recaptcha_response\" value=\"\" \/>\n<\/fieldset>\n<div class=\"row\">\n\t<div class=\"column labelcolor\">\n\t\t<p>Tell us about your Project:\n\t\t<\/p>\n\t<\/div>\n\t<div class=\"column\">\n\t\t<p><span class=\"wpcf7-form-control-wrap\" data-name=\"project-name\"><input size=\"40\" maxlength=\"100\" class=\"wpcf7-form-control wpcf7-text wpcf7-validates-as-required\" aria-required=\"true\" aria-invalid=\"false\" placeholder=\"Project&#039;s name\" value=\"\" type=\"text\" name=\"project-name\" \/><\/span>\n\t\t<\/p>\n\t<\/div>\n\t<div class=\"column\">\n\t\t<p><span class=\"wpcf7-form-control-wrap\" data-name=\"project-desc\"><textarea cols=\"40\" rows=\"10\" maxlength=\"500\" minlength=\"5\" class=\"wpcf7-form-control wpcf7-textarea wpcf7-validates-as-required\" aria-required=\"true\" aria-invalid=\"false\" placeholder=\"Describe your project\" name=\"project-desc\"><\/textarea><\/span>\n\t\t<\/p>\n\t<\/div>\n\t<div class=\"column\">\n\t\t<p><span class=\"wpcf7-form-control-wrap\" data-name=\"contact-email\"><input size=\"40\" maxlength=\"400\" class=\"wpcf7-form-control wpcf7-email wpcf7-validates-as-required wpcf7-text wpcf7-validates-as-email\" aria-required=\"true\" aria-invalid=\"false\" placeholder=\"Your email like:info@mysite.com\" value=\"\" type=\"email\" name=\"contact-email\" \/><\/span>\n\t\t<\/p>\n\t<\/div>\n\t<div class=\"column\">\n\t\t<p><input class=\"wpcf7-form-control wpcf7-submit has-spinner\" type=\"submit\" value=\"SEND REQUEST\" \/>\n\t\t<\/p>\n\t<\/div>\n<\/div><div class=\"wpcf7-response-output\" aria-hidden=\"true\"><\/div>\n<\/form>\n<\/div>\n[\/vc_column][\/vc_row]<\/p>\n<\/div>","protected":false},"excerpt":{"rendered":"<p>[vc_row bg_type=&#8221;color&#8221; padding_top_multiplier=&#8221;&#8221; padding_bottom_multiplier=&#8221;&#8221; bg_color=&#8221;#323639&#8243;][vc_column css=&#8221;.vc_custom_1709311596108{border-top-width: 1px !important;border-right-width: 1px !important;border-bottom-width: 1px !important;border-left-width: 1px !important;border-left-color: #02fee9 !important;border-left-style: solid !important;border-right-color: #02fee9 !important;border-right-style: solid !important;border-top-color: #02fee9 !important;border-top-style: solid !important;border-bottom-color: #02fee9 !important;border-bottom-style: solid !important;border-radius: 10px !important;}&#8221;][\/vc_column][\/vc_row]<\/p>\n","protected":false},"author":3,"featured_media":3232,"parent":0,"menu_order":0,"comment_status":"closed","ping_status":"closed","template":"","meta":{"_acf_changed":false,"footnotes":""},"class_list":["post-5535","page","type-page","status-publish","has-post-thumbnail","hentry"],"acf":[],"yoast_head":"<!-- This site is optimized with the Yoast SEO plugin v27.5 - https:\/\/yoast.com\/product\/yoast-seo-wordpress\/ -->\n<title>WordPress translation plugin | TransConnector<\/title>\n<meta name=\"description\" content=\"TransConnector plugin for WPML automates all your website translation cycles to improve time delivery, quality and costs\" \/>\n<meta name=\"robots\" content=\"index, follow, max-snippet:-1, max-image-preview:large, max-video-preview:-1\" \/>\n<link rel=\"canonical\" href=\"https:\/\/transconnector.com\/fr\/wordpress-translation-plugin-_copy\/\" \/>\n<meta property=\"og:locale\" content=\"fr_FR\" \/>\n<meta property=\"og:type\" content=\"article\" \/>\n<meta property=\"og:title\" content=\"WordPress translation plugin | TransConnector\" \/>\n<meta property=\"og:description\" content=\"TransConnector plugin for WPML automates all your website translation cycles to improve time delivery, quality and costs\" \/>\n<meta property=\"og:url\" content=\"https:\/\/transconnector.com\/fr\/wordpress-translation-plugin-_copy\/\" \/>\n<meta property=\"og:site_name\" content=\"Agence de conseil num\u00e9rique TransConnector\" \/>\n<meta property=\"article:modified_time\" content=\"2025-01-30T12:31:57+00:00\" \/>\n<meta property=\"og:image\" content=\"https:\/\/transconnector.com\/wp-content\/uploads\/2024\/03\/multilingual-SEO-services1.png\" \/>\n\t<meta property=\"og:image:width\" content=\"438\" \/>\n\t<meta property=\"og:image:height\" content=\"326\" \/>\n\t<meta property=\"og:image:type\" content=\"image\/png\" \/>\n<meta name=\"twitter:label1\" content=\"Est. reading time\" \/>\n\t<meta name=\"twitter:data1\" content=\"1 minute\" \/>\n<script type=\"application\/ld+json\" class=\"yoast-schema-graph\">{\"@context\":\"https:\\\/\\\/schema.org\",\"@graph\":[{\"@type\":\"WebPage\",\"@id\":\"https:\\\/\\\/transconnector.com\\\/fr\\\/wordpress-translation-plugin-_copy\\\/\",\"url\":\"https:\\\/\\\/transconnector.com\\\/fr\\\/wordpress-translation-plugin-_copy\\\/\",\"name\":\"WordPress translation plugin | TransConnector\",\"isPartOf\":{\"@id\":\"https:\\\/\\\/transconnector.com\\\/#website\"},\"primaryImageOfPage\":{\"@id\":\"https:\\\/\\\/transconnector.com\\\/fr\\\/wordpress-translation-plugin-_copy\\\/#primaryimage\"},\"image\":{\"@id\":\"https:\\\/\\\/transconnector.com\\\/fr\\\/wordpress-translation-plugin-_copy\\\/#primaryimage\"},\"thumbnailUrl\":\"https:\\\/\\\/transconnector.com\\\/wp-content\\\/uploads\\\/2024\\\/03\\\/multilingual-SEO-services1.png\",\"datePublished\":\"2025-01-30T12:31:27+00:00\",\"dateModified\":\"2025-01-30T12:31:57+00:00\",\"description\":\"TransConnector plugin for WPML automates all your website translation cycles to improve time delivery, quality and costs\",\"breadcrumb\":{\"@id\":\"https:\\\/\\\/transconnector.com\\\/fr\\\/wordpress-translation-plugin-_copy\\\/#breadcrumb\"},\"inLanguage\":\"fr-FR\",\"potentialAction\":[{\"@type\":\"ReadAction\",\"target\":[\"https:\\\/\\\/transconnector.com\\\/fr\\\/wordpress-translation-plugin-_copy\\\/\"]}]},{\"@type\":\"ImageObject\",\"inLanguage\":\"fr-FR\",\"@id\":\"https:\\\/\\\/transconnector.com\\\/fr\\\/wordpress-translation-plugin-_copy\\\/#primaryimage\",\"url\":\"https:\\\/\\\/transconnector.com\\\/wp-content\\\/uploads\\\/2024\\\/03\\\/multilingual-SEO-services1.png\",\"contentUrl\":\"https:\\\/\\\/transconnector.com\\\/wp-content\\\/uploads\\\/2024\\\/03\\\/multilingual-SEO-services1.png\",\"width\":438,\"height\":326,\"caption\":\"SEO Multilingue - TransConnector SA\"},{\"@type\":\"BreadcrumbList\",\"@id\":\"https:\\\/\\\/transconnector.com\\\/fr\\\/wordpress-translation-plugin-_copy\\\/#breadcrumb\",\"itemListElement\":[{\"@type\":\"ListItem\",\"position\":1,\"name\":\"Home\",\"item\":\"https:\\\/\\\/transconnector.com\\\/fr\\\/\"},{\"@type\":\"ListItem\",\"position\":2,\"name\":\"WordPress translation plugin &#8212; _Copy\"}]},{\"@type\":\"WebSite\",\"@id\":\"https:\\\/\\\/transconnector.com\\\/#website\",\"url\":\"https:\\\/\\\/transconnector.com\\\/\",\"name\":\"Agence de conseil num\u00e9rique TransConnector\",\"description\":\"Notre sp\u00e9cialit\u00e9, la traduction professionnelle de pages WordPress et de documents\",\"publisher\":{\"@id\":\"https:\\\/\\\/transconnector.com\\\/#organization\"},\"potentialAction\":[{\"@type\":\"SearchAction\",\"target\":{\"@type\":\"EntryPoint\",\"urlTemplate\":\"https:\\\/\\\/transconnector.com\\\/?s={search_term_string}\"},\"query-input\":{\"@type\":\"PropertyValueSpecification\",\"valueRequired\":true,\"valueName\":\"search_term_string\"}}],\"inLanguage\":\"fr-FR\"},{\"@type\":\"Organization\",\"@id\":\"https:\\\/\\\/transconnector.com\\\/#organization\",\"name\":\"TransConnector SA\",\"url\":\"https:\\\/\\\/transconnector.com\\\/\",\"logo\":{\"@type\":\"ImageObject\",\"inLanguage\":\"fr-FR\",\"@id\":\"https:\\\/\\\/transconnector.com\\\/#\\\/schema\\\/logo\\\/image\\\/\",\"url\":\"https:\\\/\\\/transconnector.com\\\/wp-content\\\/uploads\\\/2017\\\/05\\\/logo_black.png\",\"contentUrl\":\"https:\\\/\\\/transconnector.com\\\/wp-content\\\/uploads\\\/2017\\\/05\\\/logo_black.png\",\"width\":283,\"height\":45,\"caption\":\"TransConnector SA\"},\"image\":{\"@id\":\"https:\\\/\\\/transconnector.com\\\/#\\\/schema\\\/logo\\\/image\\\/\"},\"sameAs\":[\"https:\\\/\\\/www.youtube.com\\\/channel\\\/UC5OsoM7TnAy2o9DB4AKJ_dw\\\/featured\",\"https:\\\/\\\/www.linkedin.com\\\/company\\\/transconnector-sa\\\/\"]}]}<\/script>\n<!-- \/ Yoast SEO plugin. -->","yoast_head_json":{"title":"WordPress translation plugin | TransConnector","description":"TransConnector plugin for WPML automates all your website translation cycles to improve time delivery, quality and costs","robots":{"index":"index","follow":"follow","max-snippet":"max-snippet:-1","max-image-preview":"max-image-preview:large","max-video-preview":"max-video-preview:-1"},"canonical":"https:\/\/transconnector.com\/fr\/wordpress-translation-plugin-_copy\/","og_locale":"fr_FR","og_type":"article","og_title":"WordPress translation plugin | TransConnector","og_description":"TransConnector plugin for WPML automates all your website translation cycles to improve time delivery, quality and costs","og_url":"https:\/\/transconnector.com\/fr\/wordpress-translation-plugin-_copy\/","og_site_name":"Agence de conseil num\u00e9rique TransConnector","article_modified_time":"2025-01-30T12:31:57+00:00","og_image":[{"width":438,"height":326,"url":"https:\/\/transconnector.com\/wp-content\/uploads\/2024\/03\/multilingual-SEO-services1.png","type":"image\/png"}],"twitter_misc":{"Est. reading time":"1 minute"},"schema":{"@context":"https:\/\/schema.org","@graph":[{"@type":"WebPage","@id":"https:\/\/transconnector.com\/fr\/wordpress-translation-plugin-_copy\/","url":"https:\/\/transconnector.com\/fr\/wordpress-translation-plugin-_copy\/","name":"WordPress translation plugin | TransConnector","isPartOf":{"@id":"https:\/\/transconnector.com\/#website"},"primaryImageOfPage":{"@id":"https:\/\/transconnector.com\/fr\/wordpress-translation-plugin-_copy\/#primaryimage"},"image":{"@id":"https:\/\/transconnector.com\/fr\/wordpress-translation-plugin-_copy\/#primaryimage"},"thumbnailUrl":"https:\/\/transconnector.com\/wp-content\/uploads\/2024\/03\/multilingual-SEO-services1.png","datePublished":"2025-01-30T12:31:27+00:00","dateModified":"2025-01-30T12:31:57+00:00","description":"TransConnector plugin for WPML automates all your website translation cycles to improve time delivery, quality and costs","breadcrumb":{"@id":"https:\/\/transconnector.com\/fr\/wordpress-translation-plugin-_copy\/#breadcrumb"},"inLanguage":"fr-FR","potentialAction":[{"@type":"ReadAction","target":["https:\/\/transconnector.com\/fr\/wordpress-translation-plugin-_copy\/"]}]},{"@type":"ImageObject","inLanguage":"fr-FR","@id":"https:\/\/transconnector.com\/fr\/wordpress-translation-plugin-_copy\/#primaryimage","url":"https:\/\/transconnector.com\/wp-content\/uploads\/2024\/03\/multilingual-SEO-services1.png","contentUrl":"https:\/\/transconnector.com\/wp-content\/uploads\/2024\/03\/multilingual-SEO-services1.png","width":438,"height":326,"caption":"SEO Multilingue - TransConnector SA"},{"@type":"BreadcrumbList","@id":"https:\/\/transconnector.com\/fr\/wordpress-translation-plugin-_copy\/#breadcrumb","itemListElement":[{"@type":"ListItem","position":1,"name":"Home","item":"https:\/\/transconnector.com\/fr\/"},{"@type":"ListItem","position":2,"name":"WordPress translation plugin &#8212; _Copy"}]},{"@type":"WebSite","@id":"https:\/\/transconnector.com\/#website","url":"https:\/\/transconnector.com\/","name":"Agence de conseil num\u00e9rique TransConnector","description":"Notre sp\u00e9cialit\u00e9, la traduction professionnelle de pages WordPress et de documents","publisher":{"@id":"https:\/\/transconnector.com\/#organization"},"potentialAction":[{"@type":"SearchAction","target":{"@type":"EntryPoint","urlTemplate":"https:\/\/transconnector.com\/?s={search_term_string}"},"query-input":{"@type":"PropertyValueSpecification","valueRequired":true,"valueName":"search_term_string"}}],"inLanguage":"fr-FR"},{"@type":"Organization","@id":"https:\/\/transconnector.com\/#organization","name":"TransConnector SA","url":"https:\/\/transconnector.com\/","logo":{"@type":"ImageObject","inLanguage":"fr-FR","@id":"https:\/\/transconnector.com\/#\/schema\/logo\/image\/","url":"https:\/\/transconnector.com\/wp-content\/uploads\/2017\/05\/logo_black.png","contentUrl":"https:\/\/transconnector.com\/wp-content\/uploads\/2017\/05\/logo_black.png","width":283,"height":45,"caption":"TransConnector SA"},"image":{"@id":"https:\/\/transconnector.com\/#\/schema\/logo\/image\/"},"sameAs":["https:\/\/www.youtube.com\/channel\/UC5OsoM7TnAy2o9DB4AKJ_dw\/featured","https:\/\/www.linkedin.com\/company\/transconnector-sa\/"]}]}},"_links":{"self":[{"href":"https:\/\/transconnector.com\/fr\/wp-json\/wp\/v2\/pages\/5535","targetHints":{"allow":["GET"]}}],"collection":[{"href":"https:\/\/transconnector.com\/fr\/wp-json\/wp\/v2\/pages"}],"about":[{"href":"https:\/\/transconnector.com\/fr\/wp-json\/wp\/v2\/types\/page"}],"author":[{"embeddable":true,"href":"https:\/\/transconnector.com\/fr\/wp-json\/wp\/v2\/users\/3"}],"replies":[{"embeddable":true,"href":"https:\/\/transconnector.com\/fr\/wp-json\/wp\/v2\/comments?post=5535"}],"version-history":[{"count":0,"href":"https:\/\/transconnector.com\/fr\/wp-json\/wp\/v2\/pages\/5535\/revisions"}],"wp:featuredmedia":[{"embeddable":true,"href":"https:\/\/transconnector.com\/fr\/wp-json\/wp\/v2\/media\/3232"}],"wp:attachment":[{"href":"https:\/\/transconnector.com\/fr\/wp-json\/wp\/v2\/media?parent=5535"}],"curies":[{"name":"wp","href":"https:\/\/api.w.org\/{rel}","templated":true}]}}